



















{"id":13,"date":"2014-04-11T10:05:23","date_gmt":"2014-04-11T08:05:23","guid":{"rendered":"http:\/\/test.marcowittkowski.de\/?page_id=13"},"modified":"2019-02-15T13:59:56","modified_gmt":"2019-02-15T12:59:56","slug":"impressum","status":"publish","type":"page","link":"https:\/\/marcowittkowski.de\/en\/impressum\/","title":{"rendered":"IMPRINT"},"content":{"rendered":"<div id=\"wp-text-wrapper\">\r\n<div id=\"wp-text-container\">\r\n<div class=\"konzeptlink\"><h1>IMPRESSUM<\/h1> | MARCO WITTKOWSKI\r\n<\/div>\r\n\r\n<div id=\"fliesstext-datenschutz\">\r\n<h2>IMPRINT<\/h2>\r\n<br>\r\nMarco Wittkowski<br>\r\nLagerhausstr. 5<br>\r\n44147 Dortmund <br>\r\n<br>\r\nfon 0231 882 44 15<br>\r\nmobil 0160 92 57 01 69<br>\r\n<br>\r\nfax 0231 189 73 19<br>\r\n<a href=\"mailto:mail@marcowittkowski.de\">mail<span class=\"at\">@<\/span>marcowittkowski.de<\/a><br>\r\n<br><br>\r\n<h3>VAT-ID<\/h3>\r\nVAT-ID DE229674309<br>\r\n<br><br><br>\r\n<h3>GRAFIK-DESIGN UND WEBENTWICKLUNG<\/h3>\r\nAriane Tillmann | <a href=\"http:\/\/radar-design.de\" target=\"_blank\" class=\"link-blau\">www.radar-design.de<\/a>\r\n<br><br><br><br>\r\n<h3>HAFTUNGSHINWEIS<\/h3>\r\nVerantwortlich f\u00fcr den Inhalt im Sinne des \u00a7 6 MDStV ist:<br> \r\nMarco Wittkowski, Adresse siehe oben.<br><br><br>\r\n<h3>URHEBERRECHT<\/h3>\r\nDie durch den Seitenbetreiber erstellten Inhalte und Werke auf diesen Seiten unterliegen dem deutschen Urheberrecht. Die Vervielf\u00e4ltigung, Bearbeitung, Verbreitung und jede Art der Verwertung au\u00dferhalb der Grenzen des Urheberrechtes bed\u00fcrfen der schriftlichen Zustimmung des jeweiligen Autors bzw. Erstellers. Downloads und Kopien dieser Seite sind nur f\u00fcr den privaten, nicht kommerziellen Gebrauch gestattet. Soweit die Inhalte auf dieser Seite nicht vom Betreiber erstellt wurden, werden die Urheberrechte Dritter beachtet. Insbesondere werden Inhalte Dritter als solche gekennzeichnet. Sollten Sie trotzdem auf eine Urheberrechtsverletzung aufmerksam werden, bitten wir um einen entsprechenden Hinweis. Bei Bekanntwerden von Rechtsverletzungen werden wir derartige Inhalte umgehend entfernen.\r\n<br><br>\r\n<h3>HAFTUNG F\u00dcR LINKS<\/h3>\r\nUnser Angebot enth\u00e4lt Links zu externen Webseiten Dritter, auf deren Inhalte wir keinen Einfluss haben. Deshalb k\u00f6nnen wir f\u00fcr diese fremden Inhalte auch keine Gew\u00e4hr \u00fcbernehmen. F\u00fcr die Inhalte der verlinkten Seiten ist stets der jeweilige Anbieter oder Betreiber der Seiten verantwortlich. Die verlinkten Seiten wurden zum Zeitpunkt der Verlinkung auf m\u00f6gliche Rechtsverst\u00f6\u00dfe \u00fcberpr\u00fcft. Rechtswidrige Inhalte waren zum Zeitpunkt der Verlinkung nicht erkennbar. Eine permanente inhaltliche Kontrolle der verlinkten Seiten ist jedoch ohne konkrete Anhaltspunkte einer Rechtsverletzung nicht zumutbar. Bei Bekanntwerden von Rechtsverletzungen werden wir derartige Links umgehend entfernen.\r\n<br><br>\r\n<h3>DATENSCHUTZ<\/h3>\r\nDiese Website benutzt ein Webanalysetool (AwStats). Die ausgelesenen Informationen \u00fcber Ihre Benutzung dieser Website (einschlie\u00dflich Ihrer IP-Adresse) wird an einen Server \u00fcbertragen und dort gespeichert. Die Speicherung der IP-Adresse wird nicht f\u00fcr Personen bezogene Auswertungen verwendet. AwStats wird diese Informationen benutzen, um anonym Ihre Nutzung der Website auszuwerten, um Reports \u00fcber die Websiteaktivit\u00e4ten f\u00fcr die Websitebetreiber zusammenzustellen. Durch AwStats wird in keinem Fall Ihre IP-Adresse an Dritte weitergereicht oder f\u00fcr andere Zwecke ausgewertet. Durch die Nutzung dieser Website erkl\u00e4ren Sie sich mit der Bearbeitung der \u00fcber Sie erhobenen Daten durch AwStats in der zuvor beschriebenen Art und Weise und zu dem zuvor benannten Zweck einverstanden.\r\n<br><br>\r\n<h3>MAILCHIMP<\/h3>\r\nIch verwende zum Versand meines Newsletters den Listenprovider MailChimp. MailChimp ist ein Angebot der The Rocket Science Group, LLC, 512 Means Street, Ste 404 Atlanta, GA 30318. Wenn Sie sich f\u00fcr unseren Newsletter registrieren werden die Daten, die Sie bei der Newsletter-Registrierung angeben, an MailChimp \u00fcbertragen und dort gespeichert. Nach der Anmeldung erhalten Sie von MailChimp eine Email, um Ihre Anmeldung zu best\u00e4tigen (\u00bbdouble opt-in\u00ab). MailChimp bietet umfangreiche Analysem\u00f6glichkeiten dar\u00fcber, wie die Newsletter ge\u00f6ffnet und benutzt werden. Diese Analysen sind gruppenbezogen und werden von uns nicht zur individuellen Auswertung verwendet. MailChimp verwendet dar\u00fcber hinaus das Analysetool Google Analytics und bindet es ggf. in die Newsletter ein. Weitere Details zu Google Analytics finden Sie unter <a href=\"http:\/\/www.google.de\/intl\/de\/policies\/privacy\/\" target=\"_blank\" class=\"link-blau\">http:\/\/www.google.de\/intl\/de\/policies\/privacy\/<\/a>. Weitere Informationen zu MailChimp und dessen Datenschutzbestimmungen finden Sie unter mailchimp.com\/legal\/privacy.\r\n<form class=\"print\">\r\n<a href=\"javascript:window.print()\">\r\n<img loading=\"lazy\" src=\"https:\/\/marcowittkowski.de\/wp-content\/uploads\/print-icon_grau.gif\" alt=\"Print Icon\" width=\"28\" height=\"auto\" class=\"alignnone size-full wp-image-2361\" \/>\r\n<\/a>\r\n<\/form>\r\n<br>\r\n<br>\r\n<br>\r\n<\/div>\r\n<\/div>","protected":false},"excerpt":{"rendered":"IMPRESSUM | MARCO WITTKOWSKI IMPRINT Marco Wittkowski Lagerhausstr. 5 44147 Dortmund fon 0231 882 44 15 mobil 0160 92 57 01 69 fax 0231 189 73 19 mail@marcowittkowski.de VAT-ID VAT-ID DE229674309 GRAFIK-DESIGN UND WEBENTWICKLUNG Ariane Tillmann | www.radar-design.de HAFTUNGSHINWEIS Verantwortlich f\u00fcr den Inhalt im Sinne des \u00a7 6 MDStV ist: Marco Wittkowski, Adresse siehe oben. [&hellip;]","protected":false},"author":3,"featured_media":0,"parent":0,"menu_order":240,"comment_status":"open","ping_status":"open","template":"","meta":[],"_links":{"self":[{"href":"https:\/\/marcowittkowski.de\/en\/wp-json\/wp\/v2\/pages\/13"}],"collection":[{"href":"https:\/\/marcowittkowski.de\/en\/wp-json\/wp\/v2\/pages"}],"about":[{"href":"https:\/\/marcowittkowski.de\/en\/wp-json\/wp\/v2\/types\/page"}],"author":[{"embeddable":true,"href":"https:\/\/marcowittkowski.de\/en\/wp-json\/wp\/v2\/users\/3"}],"replies":[{"embeddable":true,"href":"https:\/\/marcowittkowski.de\/en\/wp-json\/wp\/v2\/comments?post=13"}],"version-history":[{"count":134,"href":"https:\/\/marcowittkowski.de\/en\/wp-json\/wp\/v2\/pages\/13\/revisions"}],"predecessor-version":[{"id":3211,"href":"https:\/\/marcowittkowski.de\/en\/wp-json\/wp\/v2\/pages\/13\/revisions\/3211"}],"wp:attachment":[{"href":"https:\/\/marcowittkowski.de\/en\/wp-json\/wp\/v2\/media?parent=13"}],"curies":[{"name":"wp","href":"https:\/\/api.w.org\/{rel}","templated":true}]}}